{"id":8037,"date":"2019-01-09T16:18:30","date_gmt":"2019-01-09T13:18:30","guid":{"rendered":"http:\/\/www.bilgedenizcilik.com\/?page_id=8037"},"modified":"2019-01-09T16:18:30","modified_gmt":"2019-01-09T13:18:30","slug":"buoys","status":"publish","type":"page","link":"http:\/\/www.bilgedenizcilik.com\/en\/buoys\/","title":{"rendered":"Buoys"},"content":{"rendered":"[vc_row row_type=&#8221;row&#8221; text_align=&#8221;left&#8221; css_animation=&#8221;&#8221;][vc_column]<div class='projects_holder_outer v4'><div class='projects_holder clearfix v4 standard'>\n<article class='mix buoys '><div class='image_holder'><span class='image'><img loading=\"lazy\" decoding=\"async\" width=\"600\" height=\"600\" src=\"http:\/\/www.bilgedenizcilik.com\/wp-content\/uploads\/2019\/01\/samandira-2.jpg\" class=\"attachment-full size-full wp-post-image\" alt=\"\" srcset=\"http:\/\/www.bilgedenizcilik.com\/wp-content\/uploads\/2019\/01\/samandira-2.jpg 600w, http:\/\/www.bilgedenizcilik.com\/wp-content\/uploads\/2019\/01\/samandira-2-150x150.jpg 150w, http:\/\/www.bilgedenizcilik.com\/wp-content\/uploads\/2019\/01\/samandira-2-300x300.jpg 300w, http:\/\/www.bilgedenizcilik.com\/wp-content\/uploads\/2019\/01\/samandira-2-520x520.jpg 520w\" sizes=\"auto, (max-width: 600px) 100vw, 600px\" \/><\/span><span class='text_holder'><span class='text_outer'><span class='text_inner'><span class='feature_holder'><span class=\"feature_holder_icons\"><a class='lightbox' title='New Pear Buoy 23 Cmx40 Cm  360 Gr.' href='http:\/\/www.bilgedenizcilik.com\/wp-content\/uploads\/2019\/01\/samandira-2.jpg' data-rel='prettyPhoto[pretty_photo_gallery]'><i class='fa fa-search fa-2x'><\/i><\/a><a class='preview' target='_self' href='http:\/\/www.bilgedenizcilik.com\/en\/urunlerimiz\/new-pear-buoy-23-cmx40-cm-360-gr\/'><i class='fa fa-link fa-2x'><\/i><\/a><\/span><\/span><\/span><\/span><\/span><\/div><div class='portfolio_description'><h4 class=\"portfolio_title\"><a href=\"http:\/\/www.bilgedenizcilik.com\/en\/urunlerimiz\/new-pear-buoy-23-cmx40-cm-360-gr\/\" target=\"_self\">New Pear Buoy 23 Cmx40 Cm  360 Gr.<\/a><\/h4><span class=\"project_category\">Buoys<\/span><\/div><\/article>\n<article class='mix buoys '><div class='image_holder'><span class='image'><img loading=\"lazy\" decoding=\"async\" width=\"600\" height=\"600\" src=\"http:\/\/www.bilgedenizcilik.com\/wp-content\/uploads\/2019\/01\/samandira2.jpg\" class=\"attachment-full size-full wp-post-image\" alt=\"\" srcset=\"http:\/\/www.bilgedenizcilik.com\/wp-content\/uploads\/2019\/01\/samandira2.jpg 600w, http:\/\/www.bilgedenizcilik.com\/wp-content\/uploads\/2019\/01\/samandira2-150x150.jpg 150w, http:\/\/www.bilgedenizcilik.com\/wp-content\/uploads\/2019\/01\/samandira2-300x300.jpg 300w, http:\/\/www.bilgedenizcilik.com\/wp-content\/uploads\/2019\/01\/samandira2-520x520.jpg 520w\" sizes=\"auto, (max-width: 600px) 100vw, 600px\" \/><\/span><span class='text_holder'><span class='text_outer'><span class='text_inner'><span class='feature_holder'><span class=\"feature_holder_icons\"><a class='lightbox' title='Pear Buoy Big 25 Cmx45 Cm  350 Gr.' href='http:\/\/www.bilgedenizcilik.com\/wp-content\/uploads\/2019\/01\/samandira2.jpg' data-rel='prettyPhoto[pretty_photo_gallery]'><i class='fa fa-search fa-2x'><\/i><\/a><a class='preview' target='_self' href='http:\/\/www.bilgedenizcilik.com\/en\/urunlerimiz\/pear-buoy-big-25-cmx45-cm-350-gr\/'><i class='fa fa-link fa-2x'><\/i><\/a><\/span><\/span><\/span><\/span><\/span><\/div><div class='portfolio_description'><h4 class=\"portfolio_title\"><a href=\"http:\/\/www.bilgedenizcilik.com\/en\/urunlerimiz\/pear-buoy-big-25-cmx45-cm-350-gr\/\" target=\"_self\">Pear Buoy Big 25 Cmx45 Cm  350 Gr.<\/a><\/h4><span class=\"project_category\">Buoys<\/span><\/div><\/article>\n<article class='mix buoys '><div class='image_holder'><span class='image'><img loading=\"lazy\" decoding=\"async\" width=\"600\" height=\"600\" src=\"http:\/\/www.bilgedenizcilik.com\/wp-content\/uploads\/2019\/01\/samandira1.jpg\" class=\"attachment-full size-full wp-post-image\" alt=\"\" srcset=\"http:\/\/www.bilgedenizcilik.com\/wp-content\/uploads\/2019\/01\/samandira1.jpg 600w, http:\/\/www.bilgedenizcilik.com\/wp-content\/uploads\/2019\/01\/samandira1-150x150.jpg 150w, http:\/\/www.bilgedenizcilik.com\/wp-content\/uploads\/2019\/01\/samandira1-300x300.jpg 300w, http:\/\/www.bilgedenizcilik.com\/wp-content\/uploads\/2019\/01\/samandira1-520x520.jpg 520w\" sizes=\"auto, (max-width: 600px) 100vw, 600px\" \/><\/span><span class='text_holder'><span class='text_outer'><span class='text_inner'><span class='feature_holder'><span class=\"feature_holder_icons\"><a class='lightbox' title='Pear Buoy Small 20&#215;30 Cm 200 Gr.' href='http:\/\/www.bilgedenizcilik.com\/wp-content\/uploads\/2019\/01\/samandira1.jpg' data-rel='prettyPhoto[pretty_photo_gallery]'><i class='fa fa-search fa-2x'><\/i><\/a><a class='preview' target='_self' href='http:\/\/www.bilgedenizcilik.com\/en\/urunlerimiz\/pear-buoy-small-20x30-cm-200-gr\/'><i class='fa fa-link fa-2x'><\/i><\/a><\/span><\/span><\/span><\/span><\/span><\/div><div class='portfolio_description'><h4 class=\"portfolio_title\"><a href=\"http:\/\/www.bilgedenizcilik.com\/en\/urunlerimiz\/pear-buoy-small-20x30-cm-200-gr\/\" target=\"_self\">Pear Buoy Small 20&#215;30 Cm 200 Gr.<\/a><\/h4><span class=\"project_category\">Buoys<\/span><\/div><\/article>\n<article class='mix buoys '><div class='image_holder'><span class='image'><img loading=\"lazy\" decoding=\"async\" width=\"600\" height=\"600\" src=\"http:\/\/www.bilgedenizcilik.com\/wp-content\/uploads\/2019\/01\/1-I\u015f\u0131ks\u0131z-I\u015f\u0131kl\u0131-Parkur-\u015eamand\u0131ras\u0131.jpg\" class=\"attachment-full size-full wp-post-image\" alt=\"\" srcset=\"http:\/\/www.bilgedenizcilik.com\/wp-content\/uploads\/2019\/01\/1-I\u015f\u0131ks\u0131z-I\u015f\u0131kl\u0131-Parkur-\u015eamand\u0131ras\u0131.jpg 600w, http:\/\/www.bilgedenizcilik.com\/wp-content\/uploads\/2019\/01\/1-I\u015f\u0131ks\u0131z-I\u015f\u0131kl\u0131-Parkur-\u015eamand\u0131ras\u0131-150x150.jpg 150w, http:\/\/www.bilgedenizcilik.com\/wp-content\/uploads\/2019\/01\/1-I\u015f\u0131ks\u0131z-I\u015f\u0131kl\u0131-Parkur-\u015eamand\u0131ras\u0131-300x300.jpg 300w, http:\/\/www.bilgedenizcilik.com\/wp-content\/uploads\/2019\/01\/1-I\u015f\u0131ks\u0131z-I\u015f\u0131kl\u0131-Parkur-\u015eamand\u0131ras\u0131-520x520.jpg 520w\" sizes=\"auto, (max-width: 600px) 100vw, 600px\" \/><\/span><span class='text_holder'><span class='text_outer'><span class='text_inner'><span class='feature_holder'><span class=\"feature_holder_icons\"><a class='lightbox' title='With And Withtout Light Parkour Buoy 1,55&#215;1,23&#215;1,050 m' href='http:\/\/www.bilgedenizcilik.com\/wp-content\/uploads\/2019\/01\/1-I\u015f\u0131ks\u0131z-I\u015f\u0131kl\u0131-Parkur-\u015eamand\u0131ras\u0131.jpg' data-rel='prettyPhoto[pretty_photo_gallery]'><i class='fa fa-search fa-2x'><\/i><\/a><a class='preview' target='_self' href='http:\/\/www.bilgedenizcilik.com\/en\/urunlerimiz\/with-and-withtout-light-parkour-buoy-155x123x1050-m\/'><i class='fa fa-link fa-2x'><\/i><\/a><\/span><\/span><\/span><\/span><\/span><\/div><div class='portfolio_description'><h4 class=\"portfolio_title\"><a href=\"http:\/\/www.bilgedenizcilik.com\/en\/urunlerimiz\/with-and-withtout-light-parkour-buoy-155x123x1050-m\/\" target=\"_self\">With And Withtout Light Parkour Buoy 1,55&#215;1,23&#215;1,050 m<\/a><\/h4><span class=\"project_category\">Buoys<\/span><\/div><\/article>\n<article class='mix buoys '><div class='image_holder'><span class='image'><img loading=\"lazy\" decoding=\"async\" width=\"600\" height=\"600\" src=\"http:\/\/www.bilgedenizcilik.com\/wp-content\/uploads\/2019\/01\/samandira12.jpg\" class=\"attachment-full size-full wp-post-image\" alt=\"\" srcset=\"http:\/\/www.bilgedenizcilik.com\/wp-content\/uploads\/2019\/01\/samandira12.jpg 600w, http:\/\/www.bilgedenizcilik.com\/wp-content\/uploads\/2019\/01\/samandira12-150x150.jpg 150w, http:\/\/www.bilgedenizcilik.com\/wp-content\/uploads\/2019\/01\/samandira12-300x300.jpg 300w, http:\/\/www.bilgedenizcilik.com\/wp-content\/uploads\/2019\/01\/samandira12-520x520.jpg 520w\" sizes=\"auto, (max-width: 600px) 100vw, 600px\" \/><\/span><span class='text_holder'><span class='text_outer'><span class='text_inner'><span class='feature_holder'><span class=\"feature_holder_icons\"><a class='lightbox' title='Parkour Buoy 15&#215;55 Cm.' href='http:\/\/www.bilgedenizcilik.com\/wp-content\/uploads\/2019\/01\/samandira12.jpg' data-rel='prettyPhoto[pretty_photo_gallery]'><i class='fa fa-search fa-2x'><\/i><\/a><a class='preview' target='_self' href='http:\/\/www.bilgedenizcilik.com\/en\/urunlerimiz\/parkour-buoy-15x55-cm\/'><i class='fa fa-link fa-2x'><\/i><\/a><\/span><\/span><\/span><\/span><\/span><\/div><div class='portfolio_description'><h4 class=\"portfolio_title\"><a href=\"http:\/\/www.bilgedenizcilik.com\/en\/urunlerimiz\/parkour-buoy-15x55-cm\/\" target=\"_self\">Parkour Buoy 15&#215;55 Cm.<\/a><\/h4><span class=\"project_category\">Buoys<\/span><\/div><\/article>\n<article class='mix buoys '><div class='image_holder'><span class='image'><img loading=\"lazy\" decoding=\"async\" width=\"600\" height=\"600\" src=\"http:\/\/www.bilgedenizcilik.com\/wp-content\/uploads\/2019\/01\/samandira13.jpg\" class=\"attachment-full size-full wp-post-image\" alt=\"\" srcset=\"http:\/\/www.bilgedenizcilik.com\/wp-content\/uploads\/2019\/01\/samandira13.jpg 600w, http:\/\/www.bilgedenizcilik.com\/wp-content\/uploads\/2019\/01\/samandira13-150x150.jpg 150w, http:\/\/www.bilgedenizcilik.com\/wp-content\/uploads\/2019\/01\/samandira13-300x300.jpg 300w, http:\/\/www.bilgedenizcilik.com\/wp-content\/uploads\/2019\/01\/samandira13-520x520.jpg 520w\" sizes=\"auto, (max-width: 600px) 100vw, 600px\" \/><\/span><span class='text_holder'><span class='text_outer'><span class='text_inner'><span class='feature_holder'><span class=\"feature_holder_icons\"><a class='lightbox' title='Parkour Buoy 15&#215;90 Cm' href='http:\/\/www.bilgedenizcilik.com\/wp-content\/uploads\/2019\/01\/samandira13.jpg' data-rel='prettyPhoto[pretty_photo_gallery]'><i class='fa fa-search fa-2x'><\/i><\/a><a class='preview' target='_self' href='http:\/\/www.bilgedenizcilik.com\/en\/urunlerimiz\/parkour-buoy-15x90-cm\/'><i class='fa fa-link fa-2x'><\/i><\/a><\/span><\/span><\/span><\/span><\/span><\/div><div class='portfolio_description'><h4 class=\"portfolio_title\"><a href=\"http:\/\/www.bilgedenizcilik.com\/en\/urunlerimiz\/parkour-buoy-15x90-cm\/\" target=\"_self\">Parkour Buoy 15&#215;90 Cm<\/a><\/h4><span class=\"project_category\">Buoys<\/span><\/div><\/article>\n<article class='mix buoys '><div class='image_holder'><span class='image'><img loading=\"lazy\" decoding=\"async\" width=\"600\" height=\"600\" src=\"http:\/\/www.bilgedenizcilik.com\/wp-content\/uploads\/2019\/01\/samandira9.jpg\" class=\"attachment-full size-full wp-post-image\" alt=\"\" srcset=\"http:\/\/www.bilgedenizcilik.com\/wp-content\/uploads\/2019\/01\/samandira9.jpg 600w, http:\/\/www.bilgedenizcilik.com\/wp-content\/uploads\/2019\/01\/samandira9-150x150.jpg 150w, http:\/\/www.bilgedenizcilik.com\/wp-content\/uploads\/2019\/01\/samandira9-300x300.jpg 300w, http:\/\/www.bilgedenizcilik.com\/wp-content\/uploads\/2019\/01\/samandira9-520x520.jpg 520w\" sizes=\"auto, (max-width: 600px) 100vw, 600px\" \/><\/span><span class='text_holder'><span class='text_outer'><span class='text_inner'><span class='feature_holder'><span class=\"feature_holder_icons\"><a class='lightbox' title='Life Buoy 68x13x23 Cm' href='http:\/\/www.bilgedenizcilik.com\/wp-content\/uploads\/2019\/01\/samandira9.jpg' data-rel='prettyPhoto[pretty_photo_gallery]'><i class='fa fa-search fa-2x'><\/i><\/a><a class='preview' target='_self' href='http:\/\/www.bilgedenizcilik.com\/en\/urunlerimiz\/life-buoy-68x13x23-cm\/'><i class='fa fa-link fa-2x'><\/i><\/a><\/span><\/span><\/span><\/span><\/span><\/div><div class='portfolio_description'><h4 class=\"portfolio_title\"><a href=\"http:\/\/www.bilgedenizcilik.com\/en\/urunlerimiz\/life-buoy-68x13x23-cm\/\" target=\"_self\">Life Buoy 68x13x23 Cm<\/a><\/h4><span class=\"project_category\">Buoys<\/span><\/div><\/article>\n<article class='mix buoys '><div class='image_holder'><span class='image'><img loading=\"lazy\" decoding=\"async\" width=\"600\" height=\"600\" src=\"http:\/\/www.bilgedenizcilik.com\/wp-content\/uploads\/2019\/01\/samandira8.jpg\" class=\"attachment-full size-full wp-post-image\" alt=\"\" srcset=\"http:\/\/www.bilgedenizcilik.com\/wp-content\/uploads\/2019\/01\/samandira8.jpg 600w, http:\/\/www.bilgedenizcilik.com\/wp-content\/uploads\/2019\/01\/samandira8-150x150.jpg 150w, http:\/\/www.bilgedenizcilik.com\/wp-content\/uploads\/2019\/01\/samandira8-300x300.jpg 300w, http:\/\/www.bilgedenizcilik.com\/wp-content\/uploads\/2019\/01\/samandira8-520x520.jpg 520w\" sizes=\"auto, (max-width: 600px) 100vw, 600px\" \/><\/span><span class='text_holder'><span class='text_outer'><span class='text_inner'><span class='feature_holder'><span class=\"feature_holder_icons\"><a class='lightbox' title='Life Buoy 68x13x23 Cm' href='http:\/\/www.bilgedenizcilik.com\/wp-content\/uploads\/2019\/01\/samandira8.jpg' data-rel='prettyPhoto[pretty_photo_gallery]'><i class='fa fa-search fa-2x'><\/i><\/a><a class='preview' target='_self' href='http:\/\/www.bilgedenizcilik.com\/en\/urunlerimiz\/life-buoy-68x13x23-cm-2\/'><i class='fa fa-link fa-2x'><\/i><\/a><\/span><\/span><\/span><\/span><\/span><\/div><div class='portfolio_description'><h4 class=\"portfolio_title\"><a href=\"http:\/\/www.bilgedenizcilik.com\/en\/urunlerimiz\/life-buoy-68x13x23-cm-2\/\" target=\"_self\">Life Buoy 68x13x23 Cm<\/a><\/h4><span class=\"project_category\">Buoys<\/span><\/div><\/article>\n<article class='mix buoys '><div class='image_holder'><span class='image'><img loading=\"lazy\" decoding=\"async\" width=\"600\" height=\"600\" src=\"http:\/\/www.bilgedenizcilik.com\/wp-content\/uploads\/2019\/01\/K\u00fcre-\u015eamand\u0131ra.jpg\" class=\"attachment-full size-full wp-post-image\" alt=\"\" srcset=\"http:\/\/www.bilgedenizcilik.com\/wp-content\/uploads\/2019\/01\/K\u00fcre-\u015eamand\u0131ra.jpg 600w, http:\/\/www.bilgedenizcilik.com\/wp-content\/uploads\/2019\/01\/K\u00fcre-\u015eamand\u0131ra-150x150.jpg 150w, http:\/\/www.bilgedenizcilik.com\/wp-content\/uploads\/2019\/01\/K\u00fcre-\u015eamand\u0131ra-300x300.jpg 300w, http:\/\/www.bilgedenizcilik.com\/wp-content\/uploads\/2019\/01\/K\u00fcre-\u015eamand\u0131ra-520x520.jpg 520w\" sizes=\"auto, (max-width: 600px) 100vw, 600px\" \/><\/span><span class='text_holder'><span class='text_outer'><span class='text_inner'><span class='feature_holder'><span class=\"feature_holder_icons\"><a class='lightbox' title='Ball Float 56&#215;45 Cm.' href='http:\/\/www.bilgedenizcilik.com\/wp-content\/uploads\/2019\/01\/K\u00fcre-\u015eamand\u0131ra.jpg' data-rel='prettyPhoto[pretty_photo_gallery]'><i class='fa fa-search fa-2x'><\/i><\/a><a class='preview' target='_self' href='http:\/\/www.bilgedenizcilik.com\/en\/urunlerimiz\/ball-float-56x45-cm\/'><i class='fa fa-link fa-2x'><\/i><\/a><\/span><\/span><\/span><\/span><\/span><\/div><div class='portfolio_description'><h4 class=\"portfolio_title\"><a href=\"http:\/\/www.bilgedenizcilik.com\/en\/urunlerimiz\/ball-float-56x45-cm\/\" target=\"_self\">Ball Float 56&#215;45 Cm.<\/a><\/h4><span class=\"project_category\">Buoys<\/span><\/div><\/article>\n<article class='mix buoys '><div class='image_holder'><span class='image'><img loading=\"lazy\" decoding=\"async\" width=\"600\" height=\"600\" src=\"http:\/\/www.bilgedenizcilik.com\/wp-content\/uploads\/2019\/01\/K\u00fcre-Bayrakl\u0131-\u015eamand\u0131ra.jpg\" class=\"attachment-full size-full wp-post-image\" alt=\"\" srcset=\"http:\/\/www.bilgedenizcilik.com\/wp-content\/uploads\/2019\/01\/K\u00fcre-Bayrakl\u0131-\u015eamand\u0131ra.jpg 600w, http:\/\/www.bilgedenizcilik.com\/wp-content\/uploads\/2019\/01\/K\u00fcre-Bayrakl\u0131-\u015eamand\u0131ra-150x150.jpg 150w, http:\/\/www.bilgedenizcilik.com\/wp-content\/uploads\/2019\/01\/K\u00fcre-Bayrakl\u0131-\u015eamand\u0131ra-300x300.jpg 300w, http:\/\/www.bilgedenizcilik.com\/wp-content\/uploads\/2019\/01\/K\u00fcre-Bayrakl\u0131-\u015eamand\u0131ra-520x520.jpg 520w\" sizes=\"auto, (max-width: 600px) 100vw, 600px\" \/><\/span><span class='text_holder'><span class='text_outer'><span class='text_inner'><span class='feature_holder'><span class=\"feature_holder_icons\"><a class='lightbox' title='Ball Float With Flag 45&#215;120 Cm' href='http:\/\/www.bilgedenizcilik.com\/wp-content\/uploads\/2019\/01\/K\u00fcre-Bayrakl\u0131-\u015eamand\u0131ra.jpg' data-rel='prettyPhoto[pretty_photo_gallery]'><i class='fa fa-search fa-2x'><\/i><\/a><a class='preview' target='_self' href='http:\/\/www.bilgedenizcilik.com\/en\/urunlerimiz\/ball-float-with-flag-45x120-cm\/'><i class='fa fa-link fa-2x'><\/i><\/a><\/span><\/span><\/span><\/span><\/span><\/div><div class='portfolio_description'><h4 class=\"portfolio_title\"><a href=\"http:\/\/www.bilgedenizcilik.com\/en\/urunlerimiz\/ball-float-with-flag-45x120-cm\/\" target=\"_self\">Ball Float With Flag 45&#215;120 Cm<\/a><\/h4><span class=\"project_category\">Buoys<\/span><\/div><\/article>\n<article class='mix buoys '><div class='image_holder'><span class='image'><img loading=\"lazy\" decoding=\"async\" width=\"600\" height=\"600\" src=\"http:\/\/www.bilgedenizcilik.com\/wp-content\/uploads\/2019\/01\/I\u015f\u0131kl\u0131-K\u00fcre-\u015eamand\u0131ra.jpg\" class=\"attachment-full size-full wp-post-image\" alt=\"\" srcset=\"http:\/\/www.bilgedenizcilik.com\/wp-content\/uploads\/2019\/01\/I\u015f\u0131kl\u0131-K\u00fcre-\u015eamand\u0131ra.jpg 600w, http:\/\/www.bilgedenizcilik.com\/wp-content\/uploads\/2019\/01\/I\u015f\u0131kl\u0131-K\u00fcre-\u015eamand\u0131ra-150x150.jpg 150w, http:\/\/www.bilgedenizcilik.com\/wp-content\/uploads\/2019\/01\/I\u015f\u0131kl\u0131-K\u00fcre-\u015eamand\u0131ra-300x300.jpg 300w, http:\/\/www.bilgedenizcilik.com\/wp-content\/uploads\/2019\/01\/I\u015f\u0131kl\u0131-K\u00fcre-\u015eamand\u0131ra-520x520.jpg 520w\" sizes=\"auto, (max-width: 600px) 100vw, 600px\" \/><\/span><span class='text_holder'><span class='text_outer'><span class='text_inner'><span class='feature_holder'><span class=\"feature_holder_icons\"><a class='lightbox' title='Ball Float With Light 73&#215;45 Cm.' href='http:\/\/www.bilgedenizcilik.com\/wp-content\/uploads\/2019\/01\/I\u015f\u0131kl\u0131-K\u00fcre-\u015eamand\u0131ra.jpg' data-rel='prettyPhoto[pretty_photo_gallery]'><i class='fa fa-search fa-2x'><\/i><\/a><a class='preview' target='_self' href='http:\/\/www.bilgedenizcilik.com\/en\/urunlerimiz\/ball-float-with-light-73-x-45-cm\/'><i class='fa fa-link fa-2x'><\/i><\/a><\/span><\/span><\/span><\/span><\/span><\/div><div class='portfolio_description'><h4 class=\"portfolio_title\"><a href=\"http:\/\/www.bilgedenizcilik.com\/en\/urunlerimiz\/ball-float-with-light-73-x-45-cm\/\" target=\"_self\">Ball Float With Light 73&#215;45 Cm.<\/a><\/h4><span class=\"project_category\">Buoys<\/span><\/div><\/article>\n<article class='mix buoys '><div class='image_holder'><span class='image'><img loading=\"lazy\" decoding=\"async\" width=\"600\" height=\"600\" src=\"http:\/\/www.bilgedenizcilik.com\/wp-content\/uploads\/2019\/01\/Roket-\u015eamad\u0131ra.jpg\" class=\"attachment-full size-full wp-post-image\" alt=\"\" srcset=\"http:\/\/www.bilgedenizcilik.com\/wp-content\/uploads\/2019\/01\/Roket-\u015eamad\u0131ra.jpg 600w, http:\/\/www.bilgedenizcilik.com\/wp-content\/uploads\/2019\/01\/Roket-\u015eamad\u0131ra-150x150.jpg 150w, http:\/\/www.bilgedenizcilik.com\/wp-content\/uploads\/2019\/01\/Roket-\u015eamad\u0131ra-300x300.jpg 300w, http:\/\/www.bilgedenizcilik.com\/wp-content\/uploads\/2019\/01\/Roket-\u015eamad\u0131ra-520x520.jpg 520w\" sizes=\"auto, (max-width: 600px) 100vw, 600px\" \/><\/span><span class='text_holder'><span class='text_outer'><span class='text_inner'><span class='feature_holder'><span class=\"feature_holder_icons\"><a class='lightbox' title='Rocket Buoy' href='http:\/\/www.bilgedenizcilik.com\/wp-content\/uploads\/2019\/01\/Roket-\u015eamad\u0131ra.jpg' data-rel='prettyPhoto[pretty_photo_gallery]'><i class='fa fa-search fa-2x'><\/i><\/a><a class='preview' target='_self' href='http:\/\/www.bilgedenizcilik.com\/en\/urunlerimiz\/rocket-buoy\/'><i class='fa fa-link fa-2x'><\/i><\/a><\/span><\/span><\/span><\/span><\/span><\/div><div class='portfolio_description'><h4 class=\"portfolio_title\"><a href=\"http:\/\/www.bilgedenizcilik.com\/en\/urunlerimiz\/rocket-buoy\/\" target=\"_self\">Rocket Buoy<\/a><\/h4><span class=\"project_category\">Buoys<\/span><\/div><\/article>\n<article class='mix buoys '><div class='image_holder'><span class='image'><img loading=\"lazy\" decoding=\"async\" width=\"600\" height=\"600\" src=\"http:\/\/www.bilgedenizcilik.com\/wp-content\/uploads\/2019\/01\/Bayrakl\u0131-\u015eamand\u0131ra.jpg\" class=\"attachment-full size-full wp-post-image\" alt=\"\" srcset=\"http:\/\/www.bilgedenizcilik.com\/wp-content\/uploads\/2019\/01\/Bayrakl\u0131-\u015eamand\u0131ra.jpg 600w, http:\/\/www.bilgedenizcilik.com\/wp-content\/uploads\/2019\/01\/Bayrakl\u0131-\u015eamand\u0131ra-150x150.jpg 150w, http:\/\/www.bilgedenizcilik.com\/wp-content\/uploads\/2019\/01\/Bayrakl\u0131-\u015eamand\u0131ra-300x300.jpg 300w, http:\/\/www.bilgedenizcilik.com\/wp-content\/uploads\/2019\/01\/Bayrakl\u0131-\u015eamand\u0131ra-520x520.jpg 520w\" sizes=\"auto, (max-width: 600px) 100vw, 600px\" \/><\/span><span class='text_holder'><span class='text_outer'><span class='text_inner'><span class='feature_holder'><span class=\"feature_holder_icons\"><a class='lightbox' title='Flag Buoy 30&#215;50 Cm 900 Gr.' href='http:\/\/www.bilgedenizcilik.com\/wp-content\/uploads\/2019\/01\/Bayrakl\u0131-\u015eamand\u0131ra.jpg' data-rel='prettyPhoto[pretty_photo_gallery]'><i class='fa fa-search fa-2x'><\/i><\/a><a class='preview' target='_self' href='http:\/\/www.bilgedenizcilik.com\/en\/urunlerimiz\/flag-buoy-30x50-cm-900-gr\/'><i class='fa fa-link fa-2x'><\/i><\/a><\/span><\/span><\/span><\/span><\/span><\/div><div class='portfolio_description'><h4 class=\"portfolio_title\"><a href=\"http:\/\/www.bilgedenizcilik.com\/en\/urunlerimiz\/flag-buoy-30x50-cm-900-gr\/\" target=\"_self\">Flag Buoy 30&#215;50 Cm 900 Gr.<\/a><\/h4><span class=\"project_category\">Buoys<\/span><\/div><\/article>\n<div class='filler'><\/div>\n<div class='filler'><\/div>\n<div class='filler'><\/div>\n<div class='filler'><\/div>\n<\/div><\/div>[\/vc_column][\/vc_row]\n","protected":false},"excerpt":{"rendered":"<p>[vc_row row_type=&#8221;row&#8221; text_align=&#8221;left&#8221; css_animation=&#8221;&#8221;][vc_column][\/vc_column][\/vc_row]<\/p>\n","protected":false},"author":1,"featured_media":0,"parent":0,"menu_order":0,"comment_status":"closed","ping_status":"closed","template":"","meta":{"footnotes":""},"class_list":["post-8037","page","type-page","status-publish","hentry"],"_links":{"self":[{"href":"http:\/\/www.bilgedenizcilik.com\/en\/wp-json\/wp\/v2\/pages\/8037\/"}],"collection":[{"href":"http:\/\/www.bilgedenizcilik.com\/en\/wp-json\/wp\/v2\/pages\/"}],"about":[{"href":"http:\/\/www.bilgedenizcilik.com\/en\/wp-json\/wp\/v2\/types\/page\/"}],"author":[{"embeddable":true,"href":"http:\/\/www.bilgedenizcilik.com\/en\/wp-json\/wp\/v2\/users\/1\/"}],"replies":[{"embeddable":true,"href":"http:\/\/www.bilgedenizcilik.com\/en\/wp-json\/wp\/v2\/comments\/?post=8037"}],"version-history":[{"count":1,"href":"http:\/\/www.bilgedenizcilik.com\/en\/wp-json\/wp\/v2\/pages\/8037\/revisions\/"}],"predecessor-version":[{"id":8038,"href":"http:\/\/www.bilgedenizcilik.com\/en\/wp-json\/wp\/v2\/pages\/8037\/revisions\/8038\/"}],"wp:attachment":[{"href":"http:\/\/www.bilgedenizcilik.com\/en\/wp-json\/wp\/v2\/media\/?parent=8037"}],"curies":[{"name":"wp","href":"https:\/\/api.w.org\/{rel}","templated":true}]}}