{"id":8018,"date":"2019-01-09T01:36:10","date_gmt":"2019-01-08T22:36:10","guid":{"rendered":"http:\/\/www.bilgedenizcilik.com\/?page_id=8018"},"modified":"2025-05-27T13:44:03","modified_gmt":"2025-05-27T10:44:03","slug":"contact","status":"publish","type":"page","link":"http:\/\/www.bilgedenizcilik.com\/en\/contact\/","title":{"rendered":"Contact"},"content":{"rendered":"[vc_row row_type=&#8221;row&#8221; text_align=&#8221;left&#8221; css_animation=&#8221;&#8221;][vc_column width=&#8221;1\/2&#8243;][vc_column_text]\n<h4>Contact Us<\/h4>\n[\/vc_column_text][vc_separator type=&#8221;transparent&#8221; up=&#8221;0&#8243; down=&#8221;15&#8243;][vc_column_text]<strong>FACTORY<\/strong><\/p>\n<p>lkitelli Organize Sanayi B\u00f6lgesi Metal I\u015f Sanayi Sitesi 20. Blok No: 5 Ba\u015fak\u015fehir \/ ISTANBUL<\/p>\n<p>Telefon: (0212) 549 21 10<\/p>\n<p>E-mail: \u00a0 bilge@bilgedenizcilik.com<strong>\u00a0<\/strong><\/p>\n<p>&nbsp;<\/p>\n<p><strong>BRANCH \u2013 1<\/strong><\/p>\n<p>\u0433\u0440. \u0431\u0443\u0440\u0433\u0430\u0441 \u043a\u0432. \u201e\u0410\u043a\u0430\u0446\u0438\u0438\u0442\u0435&#8221; \u0443\u043b. \u201e\u0418\u043d\u0434\u0443\u0441\u0442\u0440\u0438\u0430\u043b\u043d\u0430&#8221; 62. Burgas, Bulgaristan<\/p>\n<p>\u0442\u0435\u043b.: 056\/ 91 76 92 \u0431\u0431<\/p>\n<p>\u041c: 0878 79 97 33 &#8211; 0878 88 56 64<\/p>\n<p>E-mail: km_27@abv.bg<\/p>\n<p>&nbsp;<\/p>\n<p><strong>BRANCH \u2013 2<\/strong><\/p>\n<p>\u0130\u011fneada Liman\u0131 \/ Demirk\u00f6y \/ K\u0131rklareli<\/p>\n<p>Tel.: 0212 549 21 10<\/p>\n<p>Gsm.: 0532 471 03 30[\/vc_column_text][vc_separator type=&#8221;transparent&#8221; up=&#8221;0&#8243; down=&#8221;25&#8243;][\/vc_column][vc_column width=&#8221;1\/2&#8243;][vc_column_text]<div id=\"quform-b9df9e\" class=\"quform quform-2 quform-support-page-caching\"><form id=\"quform-form-b9df9e\" class=\"quform-form quform-form-2\" action=\"\/en\/wp-json\/wp\/v2\/pages\/8018\/#quform-b9df9e\" method=\"post\" enctype=\"multipart\/form-data\" novalidate=\"novalidate\" data-options=\"{&quot;id&quot;:2,&quot;uniqueId&quot;:&quot;b9df9e&quot;,&quot;theme&quot;:&quot;&quot;,&quot;ajax&quot;:true,&quot;logic&quot;:{&quot;logic&quot;:[],&quot;dependents&quot;:[],&quot;elementIds&quot;:[],&quot;dependentElementIds&quot;:[],&quot;animate&quot;:true},&quot;currentPageId&quot;:1,&quot;errorsIcon&quot;:&quot;&quot;,&quot;updateFancybox&quot;:true,&quot;hasPages&quot;:false,&quot;pages&quot;:[1],&quot;pageProgressType&quot;:&quot;numbers&quot;,&quot;tooltipsEnabled&quot;:true,&quot;tooltipClasses&quot;:&quot;qtip-quform-dark qtip-shadow&quot;,&quot;tooltipMy&quot;:&quot;left center&quot;,&quot;tooltipAt&quot;:&quot;right center&quot;,&quot;isRtl&quot;:false,&quot;scrollOffset&quot;:-50,&quot;scrollSpeed&quot;:800}\"><button class=\"quform-default-submit\" name=\"quform_submit\" type=\"submit\" value=\"submit\" aria-hidden=\"true\" tabindex=\"-1\"><\/button><div class=\"quform-form-inner quform-form-inner-2\"><input type=\"hidden\" name=\"quform_form_id\" value=\"2\" \/><input type=\"hidden\" name=\"quform_form_uid\" value=\"b9df9e\" \/><input type=\"hidden\" name=\"quform_count\" value=\"1\" \/><input type=\"hidden\" name=\"form_url\" value=\"http:\/\/www.bilgedenizcilik.com\/en\/wp-json\/wp\/v2\/pages\/8018\/\" \/><input type=\"hidden\" name=\"referring_url\" value=\"\" \/><input type=\"hidden\" name=\"post_id\" value=\"\" \/><input type=\"hidden\" name=\"post_title\" value=\"\" \/><input type=\"hidden\" name=\"quform_current_page_id\" value=\"1\" \/><input type=\"hidden\" name=\"quform_csrf_token\" value=\"Nktg4oB8GTzrzVf4cG04wh8JkWGSG2QlxnoBdfLv\" \/><div class=\"quform-form-title-description\"><h2 class=\"quform-form-title\">Contact Form<\/h2><\/div><div class=\"quform-elements quform-elements-2 quform-cf quform-responsive-elements-phone-landscape\"><div class=\"quform-element quform-element-page quform-page-1 quform-page-2_1 quform-cf quform-group-style-plain quform-first-page quform-last-page quform-current-page\"><div class=\"quform-child-elements\"><div class=\"quform-element quform-element-row quform-element-row-2_5 quform-2-columns quform-element-row-size-fixed quform-responsive-columns-phone-landscape\"><div class=\"quform-element quform-element-column quform-element-2_6\"><div class=\"quform-element quform-element-text quform-element-2_3 quform-cf quform-labels-inside quform-element-required\"><div class=\"quform-spacer\"><div class=\"quform-label quform-label-2_3\"><label class=\"quform-label-text\" for=\"quform_2_3_b9df9e\">Name<span class=\"quform-required\">*<\/span><\/label><\/div><div class=\"quform-inner quform-inner-text quform-inner-2_3\"><div class=\"quform-input quform-input-text quform-input-2_3 quform-cf\"><input type=\"text\" id=\"quform_2_3_b9df9e\" name=\"quform_2_3\" class=\"quform-field quform-field-text quform-field-2_3\" \/><\/div><\/div><\/div><\/div><div class=\"quform-element quform-element-text quform-element-2_4 quform-cf quform-labels-inside quform-element-optional\"><div class=\"quform-spacer\"><div class=\"quform-label quform-label-2_4\"><label class=\"quform-label-text\" for=\"quform_2_4_b9df9e\">Company<\/label><\/div><div class=\"quform-inner quform-inner-text quform-inner-2_4\"><div class=\"quform-input quform-input-text quform-input-2_4 quform-cf\"><input type=\"text\" id=\"quform_2_4_b9df9e\" name=\"quform_2_4\" class=\"quform-field quform-field-text quform-field-2_4\" \/><\/div><\/div><\/div><\/div><\/div><div class=\"quform-element quform-element-column quform-element-2_7\"><div class=\"quform-element quform-element-text quform-element-2_9 quform-cf quform-labels-inside quform-element-required\"><div class=\"quform-spacer\"><div class=\"quform-label quform-label-2_9\"><label class=\"quform-label-text\" for=\"quform_2_9_b9df9e\">Phone<span class=\"quform-required\">*<\/span><\/label><\/div><div class=\"quform-inner quform-inner-text quform-inner-2_9\"><div class=\"quform-input quform-input-text quform-input-2_9 quform-cf\"><input type=\"text\" id=\"quform_2_9_b9df9e\" name=\"quform_2_9\" class=\"quform-field quform-field-text quform-field-2_9\" \/><\/div><\/div><\/div><\/div><div class=\"quform-element quform-element-email quform-element-2_8 quform-cf quform-labels-inside quform-element-required\"><div class=\"quform-spacer\"><div class=\"quform-label quform-label-2_8\"><label class=\"quform-label-text\" for=\"quform_2_8_b9df9e\">Mail<span class=\"quform-required\">*<\/span><\/label><\/div><div class=\"quform-inner quform-inner-email quform-inner-2_8\"><div class=\"quform-input quform-input-email quform-input-2_8 quform-cf\"><input type=\"email\" id=\"quform_2_8_b9df9e\" name=\"quform_2_8\" class=\"quform-field quform-field-email quform-field-2_8\" \/><\/div><\/div><\/div><\/div><\/div><\/div><div class=\"quform-element quform-element-textarea quform-element-2_10 quform-cf quform-labels-inside quform-element-required\"><div class=\"quform-spacer\"><div class=\"quform-label quform-label-2_10\"><label class=\"quform-label-text\" for=\"quform_2_10_b9df9e\">Your Message<span class=\"quform-required\">*<\/span><\/label><\/div><div class=\"quform-inner quform-inner-textarea quform-inner-2_10\"><div class=\"quform-input quform-input-textarea quform-input-2_10 quform-cf\"><textarea id=\"quform_2_10_b9df9e\" name=\"quform_2_10\" class=\"quform-field quform-field-textarea quform-field-2_10\"><\/textarea><\/div><\/div><\/div><\/div><div class=\"quform-element quform-element-captcha quform-element-2_12 quform-cf quform-element-required\"><div class=\"quform-spacer\"><div class=\"quform-inner quform-inner-captcha quform-inner-2_12\"><div class=\"quform-input quform-input-captcha quform-input-2_12 quform-cf\"><input type=\"text\" id=\"quform_2_12_b9df9e\" name=\"quform_2_12\" class=\"quform-field quform-field-captcha quform-field-2_12\" \/><\/div><div class=\"quform-captcha quform-cf\"><div class=\"quform-captcha-image quform-captcha-image-2_12\"><img loading=\"lazy\" decoding=\"async\" src=\"data:image\/png;base64,iVBORw0KGgoAAAANSUhEUgAAAOYAAABQBAMAAAD\/1xTgAAAAG1BMVEX\/\/\/8iIiLj4+OQkJB0dHRZWVk9PT3Hx8esrKxJ6mOXAAAACXBIWXMAAA7EAAAOxAGVKw4bAAADCklEQVRoge2XTXPTMBCGheLEPrJ1HXp0hsxwNeVjemygtD1GpUk5YgKdHgnQhmPSTht+NivZia2VZ6p4TIaD3ktGG9nParW7shhzcnJycnJycnL6D+UfbJ8p4GzbyBbArt1M\/r0pZgcArCY+T6NtM+9xXtwQ06uK7Q9q8AeI7DZD7J8vK3LoJcx1QytFJLxrhikA0gk1tgE+UydQt80gmfJ\/bjqyUxoG40MZ2b2GkOxBMg91G1ZPmfkLIJyiadgUk\/3ERSW6SQKerQb+WxyF\/AagsepkbGG8LYXLdSCz5DlDPxpKWqUBfRuG9hrC9b9SCf5q28mFZb\/krz8Is5WktDx7EHprplomdOcAT8tz2pb9kouqsuZGQgoYeutXDuCjxHZJotkyp8plag30ulChjT1YxSO4ZUG21lj33y62KZzepUbL9Gj993DdLSjvQZZH9EEbBXKPesajHVqeAsctfQ9kwcJuDWggY9g2qqxH2pDCBWQP+hIaFlBsjiGzkC+3nRvfIQsStZ5sB8g8Gpc6ulpoCYOpYXeWCoje\/zGaCS1PASd3Y4JQZyzqivHlamyXt56qNAol5ZmtiDIXEKnGPFnnYGrHnPHfr45JYRjl2SuYXwqrwIA\/QN6SNmD6Mld4SvaelmdWxNgCTmeaY8P8CFrloB0zUDVB59LybI2ODpYxRjzRJ83xH4m8YJswfZmQfZrjRnnmr9SsT2SeyQhE++sJdvsJ8G1EG51RnrmEdkIvIBxcIHMSF07ZMivylpZnJp5CNLoqAHKJbTgpzbBjcogQuU+sxunJ8gOo1GEDOYiY5pvlOt8kL5al564v56zi9GSqs5WZgcg+FTRZMnVx9c1jnp4FszhCK+JTi5ldjVpGUqH8tHt+sJzF+VDijZZZi5ldGToWn5ACPpnGuswdlbbJYzODqu\/3urHdUxm5+aNeFDO785OIZ221zo1gAYlf7yaRdfPKzveI8NZ2U5F6FvJFuSA20bSmrxJ6jN2lziWkXdPXjGpcp+10n35t8MLk5OTk5OTk5PRP9RewpHOnncD0owAAAABJRU5ErkJggg==\" alt=\"CAPTCHA image\" data-element-id=\"12\" width=\"115\" height=\"40\" \/><\/div><\/div><\/div><\/div><\/div><div class=\"quform-element quform-element-submit quform-element-2_2 quform-cf quform-button-style-theme\"><div class=\"quform-button-submit quform-button-submit-default quform-button-submit-2_2\"><button name=\"quform_submit\" type=\"submit\" class=\"quform-submit\" value=\"submit\"><span class=\"quform-button-text quform-button-submit-text\">Send Now<\/span><\/button><\/div><div class=\"quform-loading quform-loading-position-left quform-loading-type-spinner-1\"><div class=\"quform-loading-inner\"><div class=\"quform-loading-spinner\"><div class=\"quform-loading-spinner-inner\"><\/div><\/div><\/div><\/div><\/div><div class=\"quform-element-tree\"><label for=\"quform_2_0_b9df9e\">This field should be left blank<\/label><input type=\"text\" id=\"quform_2_0_b9df9e\" name=\"quform_2_0\" class=\"quform-field quform-field-tree quform-field-2_0\" tabindex=\"-1\" autocomplete=\"off\" \/><\/div><\/div><\/div><\/div><\/div><\/form><\/div>[\/vc_column_text][\/vc_column][\/vc_row]\n","protected":false},"excerpt":{"rendered":"<p>[vc_row row_type=&#8221;row&#8221; text_align=&#8221;left&#8221; css_animation=&#8221;&#8221;][vc_column width=&#8221;1\/2&#8243;][vc_column_text] Contact Us [\/vc_column_text][vc_separator type=&#8221;transparent&#8221; up=&#8221;0&#8243; down=&#8221;15&#8243;][vc_column_text]FACTORY lkitelli Organize Sanayi B\u00f6lgesi Metal I\u015f Sanayi Sitesi 20. Blok No: 5 Ba\u015fak\u015fehir \/ ISTANBUL Telefon: (0212) 549 21 10 E-mail: \u00a0 bilge@bilgedenizcilik.com\u00a0 &nbsp; BRANCH \u2013 1 \u0433\u0440. \u0431\u0443\u0440\u0433\u0430\u0441 \u043a\u0432. \u201e\u0410\u043a\u0430\u0446\u0438\u0438\u0442\u0435&#8221; \u0443\u043b. \u201e\u0418\u043d\u0434\u0443\u0441\u0442\u0440\u0438\u0430\u043b\u043d\u0430&#8221; 62&#8230;.<\/p>\n","protected":false},"author":1,"featured_media":0,"parent":0,"menu_order":0,"comment_status":"closed","ping_status":"closed","template":"contact-page.php","meta":{"footnotes":""},"class_list":["post-8018","page","type-page","status-publish","hentry"],"_links":{"self":[{"href":"http:\/\/www.bilgedenizcilik.com\/en\/wp-json\/wp\/v2\/pages\/8018\/"}],"collection":[{"href":"http:\/\/www.bilgedenizcilik.com\/en\/wp-json\/wp\/v2\/pages\/"}],"about":[{"href":"http:\/\/www.bilgedenizcilik.com\/en\/wp-json\/wp\/v2\/types\/page\/"}],"author":[{"embeddable":true,"href":"http:\/\/www.bilgedenizcilik.com\/en\/wp-json\/wp\/v2\/users\/1\/"}],"replies":[{"embeddable":true,"href":"http:\/\/www.bilgedenizcilik.com\/en\/wp-json\/wp\/v2\/comments\/?post=8018"}],"version-history":[{"count":4,"href":"http:\/\/www.bilgedenizcilik.com\/en\/wp-json\/wp\/v2\/pages\/8018\/revisions\/"}],"predecessor-version":[{"id":8499,"href":"http:\/\/www.bilgedenizcilik.com\/en\/wp-json\/wp\/v2\/pages\/8018\/revisions\/8499\/"}],"wp:attachment":[{"href":"http:\/\/www.bilgedenizcilik.com\/en\/wp-json\/wp\/v2\/media\/?parent=8018"}],"curies":[{"name":"wp","href":"https:\/\/api.w.org\/{rel}","templated":true}]}}